{"id":1138,"date":"2022-10-18T18:11:27","date_gmt":"2022-10-18T18:11:27","guid":{"rendered":"http:\/\/34.91.104.83\/?product=poster-v1"},"modified":"2024-06-11T14:35:04","modified_gmt":"2024-06-11T14:35:04","slug":"vinyle-v1","status":"publish","type":"product","link":"https:\/\/mqrecords.fr\/?product=vinyle-v1","title":{"rendered":"Mixtape Vol. 1 &#8211; Vinyle 12&#8243; &#8211; 33 rpm"},"content":{"rendered":"<h4><strong>MQ Records label is proud to present its first limited edition mixtape, featuring a unique blend of hip-hop and house, available on vinyl<\/strong><\/h4>\n<p>&nbsp;<\/p>\n<p><span style=\"font-size: 16px\">To bring this mixtape to life, the 5 members of the crew worked in close collaboration with three producers and six rappers, to offer you an unforgettable musical experience.<\/span><\/p>\n<p>&nbsp;<\/p>\n<p><span style=\"font-size: 16px\">The exclusive artwork on the cover is a graphic representation of the fusion of the two musical genres, symbolized by a nebula reflecting the encounter of two worlds. Each track on this mixtape is designed to make you vibrate and dance, while offering a creative exploration of the fusion of hip-hop and house. The project was thoughtfully designed to offer more rap-oriented sounds on Side A, and their club counterparts on Side B, thus providing a quality and diverse experience for all music enthusiasts. The vinyl offers exceptional sound quality that will allow you to discover the entire mixtape with additional richness and depth. Don&#8217;t miss the opportunity to add this unique gem to your music collection.<\/span><\/p>\n<p>&nbsp;<\/p>\n<p><span style=\"font-size: 16px\">Pre-order now and join us on April 21st, 2023 to celebrate the digital release of this essential banger from MQ Records.<\/span><\/p>\n<p>&nbsp;<\/p>\n<p><span style=\"font-size: 16px\">Vinyls drop date : <em>this summer (2023)<\/em><\/span><\/p>\n<p>&nbsp;<\/p>\n<p><span style=\"font-size: 16px\">\u25a0\u25a0\u25a0\u25a0\u25a0\u25a0\u25a0\u25a0\u25a0\u25a0\u25a0\u25a0\u25a0\u25a0\u25a0\u25a0\u25a0\u25a0\u25a0\u25a0\u25a0\u25a0\u25a0\u25a0\u25a0\u25a0<\/span><\/p>\n<p>&nbsp;<\/p>\n<h4><strong>Le label MQ Records est fier de vous pr\u00e9senter sa premi\u00e8re mixtape en \u00e9dition limit\u00e9e, avec un m\u00e9lange unique de hip-hop et de house, disponible en vinyle.<\/strong><\/h4>\n<p>&nbsp;<\/p>\n<p><span style=\"font-size: 16px\">Pour cr\u00e9er cette mixtape, les 5 membres du label ont travaill\u00e9 en \u00e9troite collaboration avec trois producteurs et six rappeurs pour vous offrir une exp\u00e9rience musicale inoubliable.<\/span><\/p>\n<p>&nbsp;<\/p>\n<p><span style=\"font-size: 16px\">L&#8217;artwork exclusif de la pochette est une repr\u00e9sentation graphique de la fusion des deux genres musicaux, symbolis\u00e9e par une n\u00e9buleuse qui refl\u00e8te la rencontre de deux mondes. Chaque morceau de cette mixtape est con\u00e7u pour vous faire vibrer et danser, tout en proposant une exploration cr\u00e9ative de la fusion du hip-hop et de la house. Le projet a \u00e9t\u00e9 r\u00e9fl\u00e9chi pour vous proposer des sons plus ax\u00e9s rap sur la face A, et leurs pendants plus club, sur la face B, offrant ainsi une exp\u00e9rience de qualit\u00e9 et vari\u00e9e pour tous les amateurs de musique. Le vinyle offre une qualit\u00e9 sonore exceptionnelle qui vous permettra de d\u00e9couvrir l&#8217;ensemble de la mixtape avec une richesse et une profondeur suppl\u00e9mentaires. Ne manquez pas l&#8217;occasion d&#8217;ajouter ce joyau unique \u00e0 votre collection de musique.<\/span><\/p>\n<p>&nbsp;<\/p>\n<p><span style=\"font-size: 16px\">Pr\u00e9commandez d\u00e8s maintenant et rejoignez-nous le 21 avril 2023 pour c\u00e9l\u00e9brer la sortie digitale de ce banger incontournable de MQ Records.<\/span><\/p>\n<p>&nbsp;<\/p>\n<div dir=\"auto\" role=\"none\">Les vinyles arriveront cet \u00e9t\u00e9 (2023) !<\/div>\n","protected":false},"excerpt":{"rendered":"<p>MQ RECORDS MIXTAPE Vol. 1<\/p>\n<p>pre-order now<\/p>\n<p><strong>Limited stocks<\/strong><\/p>\n","protected":false},"featured_media":5767,"template":"","meta":{"site-sidebar-layout":"default","site-content-layout":"default","ast-global-header-display":"","ast-main-header-display":"","ast-hfb-above-header-display":"","ast-hfb-below-header-display":"","ast-hfb-mobile-header-display":"","site-post-title":"","ast-breadcrumbs-content":"","ast-featured-img":"","footer-sml-layout":"","theme-transparent-header-meta":"default","adv-header-id-meta":"","stick-header-meta":"","header-above-stick-meta":"","header-main-stick-meta":"","header-below-stick-meta":""},"product_cat":[68],"product_tag":[],"class_list":{"0":"post-1138","1":"product","2":"type-product","3":"status-publish","4":"has-post-thumbnail","6":"product_cat-vinyles","7":"desktop-align-center","8":"tablet-align-left","9":"mobile-align-left","11":"first","12":"instock","13":"featured","14":"shipping-taxable","15":"purchasable","16":"product-type-simple"},"_links":{"self":[{"href":"https:\/\/mqrecords.fr\/index.php?rest_route=\/wp\/v2\/product\/1138","targetHints":{"allow":["GET"]}}],"collection":[{"href":"https:\/\/mqrecords.fr\/index.php?rest_route=\/wp\/v2\/product"}],"about":[{"href":"https:\/\/mqrecords.fr\/index.php?rest_route=\/wp\/v2\/types\/product"}],"wp:featuredmedia":[{"embeddable":true,"href":"https:\/\/mqrecords.fr\/index.php?rest_route=\/wp\/v2\/media\/5767"}],"wp:attachment":[{"href":"https:\/\/mqrecords.fr\/index.php?rest_route=%2Fwp%2Fv2%2Fmedia&parent=1138"}],"wp:term":[{"taxonomy":"product_cat","embeddable":true,"href":"https:\/\/mqrecords.fr\/index.php?rest_route=%2Fwp%2Fv2%2Fproduct_cat&post=1138"},{"taxonomy":"product_tag","embeddable":true,"href":"https:\/\/mqrecords.fr\/index.php?rest_route=%2Fwp%2Fv2%2Fproduct_tag&post=1138"}],"curies":[{"name":"wp","href":"https:\/\/api.w.org\/{rel}","templated":true}]}}