{"id":5757,"date":"2024-02-02T00:01:08","date_gmt":"2024-02-02T00:01:08","guid":{"rendered":"https:\/\/mqrecords.fr\/?post_type=product&#038;p=5757"},"modified":"2024-10-31T15:37:40","modified_gmt":"2024-10-31T15:37:40","slug":"b-like-bounce-vinyle-12-33-rpm","status":"publish","type":"product","link":"https:\/\/mqrecords.fr\/?product=b-like-bounce-vinyle-12-33-rpm","title":{"rendered":"B like Bounce &#8211; Vinyle 12&#8243; &#8211; 33 rpm"},"content":{"rendered":"<h4><strong>Poloponn\u00e8se &#8211; B Like Bounce.<\/strong><\/h4>\n<p>Tracklist:<\/p>\n<p>A1 &#8211; Come And Get Me<\/p>\n<p>A2 &#8211; Disco Surcharge<\/p>\n<p>A3 &#8211; Hold Up In Town<\/p>\n<p>B1 &#8211; What Have You Found?<\/p>\n<p>B2 &#8211; Lost In Da House<\/p>\n<p>B3 &#8211; Wanna Dance Tonight?<\/p>\n<p>Poloponn\u00e8se&#8217;s first solo project, available 02-02-2024!<\/p>\n<p>Pre-order now and stream on all platforms this second must-have banger from MQ Records.<\/p>\n<p>Vinyl will arrive this summer!<\/p>\n<p>&nbsp;<\/p>\n<p><span style=\"font-size: 16px;\">\u25a0\u25a0\u25a0\u25a0\u25a0\u25a0\u25a0\u25a0\u25a0\u25a0\u25a0\u25a0\u25a0\u25a0\u25a0\u25a0\u25a0\u25a0\u25a0\u25a0\u25a0\u25a0\u25a0\u25a0\u25a0\u25a0<\/span><\/p>\n<p>&nbsp;<\/p>\n<h4><strong>Poloponn\u00e8se &#8211; B Like Bounce.<\/strong><\/h4>\n<p>Tracklist:<\/p>\n<p>A1 &#8211; Come And Get Me<\/p>\n<p>A2 &#8211; Disco Surcharge<\/p>\n<p>A3 &#8211; Hold Up In Town<\/p>\n<p>B1 &#8211; What Have You Found?<\/p>\n<p>B2 &#8211; Lost In Da House<\/p>\n<p>B3 &#8211; Wanna Dance Tonight?<\/p>\n<p>Premier projet en solo de Poloponn\u00e8se, disponible le 02-02-2024 !<\/p>\n<p>Pr\u00e9commandez d\u00e8s maintenant et n&#8217;h\u00e9sitez pas \u00e0 streamer sur toutes les plateformes ce deuxi\u00e8me banger incontournable de MQ Records.<\/p>\n<p>Les vinyles arriveront cet \u00e9t\u00e9 !<\/p>\n","protected":false},"excerpt":{"rendered":"<p>Poloponn\u00e8se &#8211; B Like Bounce. Tracklist: A1 &#8211; Come And Get Me A2 &#8211; Disco Surcharge A3 &#8211; Hold Up In Town B1 &#8211; What Have You Found? B2 &#8211; Lost In Da House B3 &#8211; Wanna Dance Tonight? Poloponn\u00e8se&#8217;s first solo project, available 02-02-2024! Pre-order now and stream on all platforms this second must-have &hellip;<\/p>\n<p class=\"read-more\"> <a class=\"\" href=\"https:\/\/mqrecords.fr\/?product=b-like-bounce-vinyle-12-33-rpm\"> <span class=\"screen-reader-text\">B like Bounce &#8211; Vinyle 12&#8243; &#8211; 33 rpm<\/span> Read More &raquo;<\/a><\/p>\n","protected":false},"featured_media":5759,"template":"","meta":{"site-sidebar-layout":"default","site-content-layout":"default","ast-global-header-display":"","ast-main-header-display":"","ast-hfb-above-header-display":"","ast-hfb-below-header-display":"","ast-hfb-mobile-header-display":"","site-post-title":"","ast-breadcrumbs-content":"","ast-featured-img":"","footer-sml-layout":"","theme-transparent-header-meta":"default","adv-header-id-meta":"","stick-header-meta":"","header-above-stick-meta":"","header-main-stick-meta":"","header-below-stick-meta":""},"product_cat":[68],"product_tag":[],"class_list":{"0":"post-5757","1":"product","2":"type-product","3":"status-publish","4":"has-post-thumbnail","6":"product_cat-vinyles","7":"desktop-align-center","8":"tablet-align-left","9":"mobile-align-left","11":"first","12":"instock","13":"featured","14":"shipping-taxable","15":"purchasable","16":"product-type-simple"},"_links":{"self":[{"href":"https:\/\/mqrecords.fr\/index.php?rest_route=\/wp\/v2\/product\/5757","targetHints":{"allow":["GET"]}}],"collection":[{"href":"https:\/\/mqrecords.fr\/index.php?rest_route=\/wp\/v2\/product"}],"about":[{"href":"https:\/\/mqrecords.fr\/index.php?rest_route=\/wp\/v2\/types\/product"}],"wp:featuredmedia":[{"embeddable":true,"href":"https:\/\/mqrecords.fr\/index.php?rest_route=\/wp\/v2\/media\/5759"}],"wp:attachment":[{"href":"https:\/\/mqrecords.fr\/index.php?rest_route=%2Fwp%2Fv2%2Fmedia&parent=5757"}],"wp:term":[{"taxonomy":"product_cat","embeddable":true,"href":"https:\/\/mqrecords.fr\/index.php?rest_route=%2Fwp%2Fv2%2Fproduct_cat&post=5757"},{"taxonomy":"product_tag","embeddable":true,"href":"https:\/\/mqrecords.fr\/index.php?rest_route=%2Fwp%2Fv2%2Fproduct_tag&post=5757"}],"curies":[{"name":"wp","href":"https:\/\/api.w.org\/{rel}","templated":true}]}}